{"id":1004,"date":"2022-08-07T14:20:14","date_gmt":"2022-08-07T12:20:14","guid":{"rendered":"http:\/\/vloxqfn.cluster030.hosting.ovh.net\/?page_id=1004"},"modified":"2022-10-01T08:32:28","modified_gmt":"2022-10-01T06:32:28","slug":"contact-reservations","status":"publish","type":"page","link":"https:\/\/giteathis.com\/index.php\/contact-reservations\/","title":{"rendered":"Contact &#038; R\u00e9servations"},"content":{"rendered":"\t\t<div data-elementor-type=\"wp-page\" data-elementor-id=\"1004\" class=\"elementor elementor-1004\">\n\t\t\t\t\t\t<section class=\"elementor-section elementor-top-section elementor-element elementor-element-8aafc24 elementor-section-stretched elementor-section-boxed elementor-section-height-default elementor-section-height-default\" data-id=\"8aafc24\" data-element_type=\"section\" data-e-type=\"section\" data-settings=\"{&quot;stretch_section&quot;:&quot;section-stretched&quot;,&quot;background_background&quot;:&quot;classic&quot;}\">\n\t\t\t\t\t\t<div class=\"elementor-container elementor-column-gap-default\">\n\t\t\t\t\t<div class=\"elementor-column elementor-col-100 elementor-top-column elementor-element elementor-element-44b9a60\" data-id=\"44b9a60\" data-element_type=\"column\" data-e-type=\"column\">\n\t\t\t<div class=\"elementor-widget-wrap elementor-element-populated\">\n\t\t\t\t\t\t<div class=\"elementor-element elementor-element-ed451e5 elementor-widget elementor-widget-spacer\" data-id=\"ed451e5\" data-element_type=\"widget\" data-e-type=\"widget\" data-widget_type=\"spacer.default\">\n\t\t\t\t<div class=\"elementor-widget-container\">\n\t\t\t\t\t\t\t<div class=\"elementor-spacer\">\n\t\t\t<div class=\"elementor-spacer-inner\"><\/div>\n\t\t<\/div>\n\t\t\t\t\t\t<\/div>\n\t\t\t\t<\/div>\n\t\t\t\t<div class=\"elementor-element elementor-element-501b4cd elementor-widget elementor-widget-heading\" data-id=\"501b4cd\" data-element_type=\"widget\" data-e-type=\"widget\" data-widget_type=\"heading.default\">\n\t\t\t\t<div class=\"elementor-widget-container\">\n\t\t\t\t\t<h2 class=\"elementor-heading-title elementor-size-default\">Contact &amp; R\u00e9servations<\/h2>\t\t\t\t<\/div>\n\t\t\t\t<\/div>\n\t\t\t\t<div class=\"elementor-element elementor-element-e573ab8 elementor-widget elementor-widget-spacer\" data-id=\"e573ab8\" data-element_type=\"widget\" data-e-type=\"widget\" data-widget_type=\"spacer.default\">\n\t\t\t\t<div class=\"elementor-widget-container\">\n\t\t\t\t\t\t\t<div class=\"elementor-spacer\">\n\t\t\t<div class=\"elementor-spacer-inner\"><\/div>\n\t\t<\/div>\n\t\t\t\t\t\t<\/div>\n\t\t\t\t<\/div>\n\t\t\t\t\t<\/div>\n\t\t<\/div>\n\t\t\t\t\t<\/div>\n\t\t<\/section>\n\t\t\t\t<section class=\"elementor-section elementor-top-section elementor-element elementor-element-c0788d8 elementor-section-stretched elementor-section-boxed elementor-section-height-default elementor-section-height-default\" data-id=\"c0788d8\" data-element_type=\"section\" data-e-type=\"section\" data-settings=\"{&quot;stretch_section&quot;:&quot;section-stretched&quot;,&quot;background_background&quot;:&quot;classic&quot;,&quot;shape_divider_top&quot;:&quot;mountains&quot;,&quot;shape_divider_bottom&quot;:&quot;mountains&quot;}\">\n\t\t\t\t\t<div class=\"elementor-shape elementor-shape-top\" aria-hidden=\"true\" data-negative=\"false\">\n\t\t\t<svg xmlns=\"http:\/\/www.w3.org\/2000\/svg\" viewBox=\"0 0 1000 100\" preserveAspectRatio=\"none\">\n\t<path class=\"elementor-shape-fill\" opacity=\"0.33\" d=\"M473,67.3c-203.9,88.3-263.1-34-320.3,0C66,119.1,0,59.7,0,59.7V0h1000v59.7 c0,0-62.1,26.1-94.9,29.3c-32.8,3.3-62.8-12.3-75.8-22.1C806,49.6,745.3,8.7,694.9,4.7S492.4,59,473,67.3z\"\/>\n\t<path class=\"elementor-shape-fill\" opacity=\"0.66\" d=\"M734,67.3c-45.5,0-77.2-23.2-129.1-39.1c-28.6-8.7-150.3-10.1-254,39.1 s-91.7-34.4-149.2,0C115.7,118.3,0,39.8,0,39.8V0h1000v36.5c0,0-28.2-18.5-92.1-18.5C810.2,18.1,775.7,67.3,734,67.3z\"\/>\n\t<path class=\"elementor-shape-fill\" d=\"M766.1,28.9c-200-57.5-266,65.5-395.1,19.5C242,1.8,242,5.4,184.8,20.6C128,35.8,132.3,44.9,89.9,52.5C28.6,63.7,0,0,0,0 h1000c0,0-9.9,40.9-83.6,48.1S829.6,47,766.1,28.9z\"\/>\n<\/svg>\t\t<\/div>\n\t\t\t\t<div class=\"elementor-shape elementor-shape-bottom\" aria-hidden=\"true\" data-negative=\"false\">\n\t\t\t<svg xmlns=\"http:\/\/www.w3.org\/2000\/svg\" viewBox=\"0 0 1000 100\" preserveAspectRatio=\"none\">\n\t<path class=\"elementor-shape-fill\" opacity=\"0.33\" d=\"M473,67.3c-203.9,88.3-263.1-34-320.3,0C66,119.1,0,59.7,0,59.7V0h1000v59.7 c0,0-62.1,26.1-94.9,29.3c-32.8,3.3-62.8-12.3-75.8-22.1C806,49.6,745.3,8.7,694.9,4.7S492.4,59,473,67.3z\"\/>\n\t<path class=\"elementor-shape-fill\" opacity=\"0.66\" d=\"M734,67.3c-45.5,0-77.2-23.2-129.1-39.1c-28.6-8.7-150.3-10.1-254,39.1 s-91.7-34.4-149.2,0C115.7,118.3,0,39.8,0,39.8V0h1000v36.5c0,0-28.2-18.5-92.1-18.5C810.2,18.1,775.7,67.3,734,67.3z\"\/>\n\t<path class=\"elementor-shape-fill\" d=\"M766.1,28.9c-200-57.5-266,65.5-395.1,19.5C242,1.8,242,5.4,184.8,20.6C128,35.8,132.3,44.9,89.9,52.5C28.6,63.7,0,0,0,0 h1000c0,0-9.9,40.9-83.6,48.1S829.6,47,766.1,28.9z\"\/>\n<\/svg>\t\t<\/div>\n\t\t\t\t\t<div class=\"elementor-container elementor-column-gap-default\">\n\t\t\t\t\t<div class=\"elementor-column elementor-col-100 elementor-top-column elementor-element elementor-element-dc571b4\" data-id=\"dc571b4\" data-element_type=\"column\" data-e-type=\"column\">\n\t\t\t<div class=\"elementor-widget-wrap elementor-element-populated\">\n\t\t\t\t\t\t<div class=\"elementor-element elementor-element-76fd430 elementor-widget elementor-widget-spacer\" data-id=\"76fd430\" data-element_type=\"widget\" data-e-type=\"widget\" data-widget_type=\"spacer.default\">\n\t\t\t\t<div class=\"elementor-widget-container\">\n\t\t\t\t\t\t\t<div class=\"elementor-spacer\">\n\t\t\t<div class=\"elementor-spacer-inner\"><\/div>\n\t\t<\/div>\n\t\t\t\t\t\t<\/div>\n\t\t\t\t<\/div>\n\t\t\t\t<div class=\"elementor-element elementor-element-44f1a84 elementor-widget elementor-widget-text-editor\" data-id=\"44f1a84\" data-element_type=\"widget\" data-e-type=\"widget\" data-widget_type=\"text-editor.default\">\n\t\t\t\t<div class=\"elementor-widget-container\">\n\t\t\t\t\t\t\t\t\t<p>Bienvenue au g\u00eete \u00ab\u00a0Au Clos des Colombages\u00a0\u00bb \u00e0 Athis, au coeur de la Champagne !<\/p><p>Vous souhaitez conna\u00eetre nos disponibilit\u00e9s ou avoir davantage d&rsquo;informations, n&rsquo;h\u00e9sitez pas \u00e0 nous envoyer un message : <a href=\"mailto:contact@giteathis.com\">contact@giteathis.com<\/a><\/p>\t\t\t\t\t\t\t\t<\/div>\n\t\t\t\t<\/div>\n\t\t\t\t<div class=\"elementor-element elementor-element-086d382 eael-wpforms-labels-yes eael-wpforms-form-button-custom elementor-widget elementor-widget-eael-wpforms\" data-id=\"086d382\" data-element_type=\"widget\" data-e-type=\"widget\" data-widget_type=\"eael-wpforms.default\">\n\t\t\t\t<div class=\"elementor-widget-container\">\n\t\t\t\t\t            <div class=\"eael-contact-form eael-wpforms eael-wpforms-align-default\">\n                                <div class=\"wpforms-container wpforms-container-full\" id=\"wpforms-1400\"><form id=\"wpforms-form-1400\" class=\"wpforms-validate wpforms-form wpforms-ajax-form\" data-formid=\"1400\" method=\"post\" enctype=\"multipart\/form-data\" action=\"\/index.php\/wp-json\/wp\/v2\/pages\/1004\" data-token=\"0f2b800e17adc81e82410e4366aeed95\" data-token-time=\"1776759338\"><noscript class=\"wpforms-error-noscript\">Veuillez activer JavaScript dans votre navigateur pour remplir ce formulaire.<\/noscript><div class=\"wpforms-field-container\"><div id=\"wpforms-1400-field_2-container\" class=\"wpforms-field wpforms-field-name\" data-field-id=\"2\"><label class=\"wpforms-field-label\">Nom <span class=\"wpforms-required-label\">*<\/span><\/label><div class=\"wpforms-field-row wpforms-field-medium\"><div class=\"wpforms-field-row-block wpforms-first wpforms-one-half\"><input type=\"text\" id=\"wpforms-1400-field_2\" class=\"wpforms-field-name-first wpforms-field-required\" name=\"wpforms[fields][2][first]\" required><label for=\"wpforms-1400-field_2\" class=\"wpforms-field-sublabel after\">Pr\u00e9nom<\/label><\/div><div class=\"wpforms-field-row-block wpforms-one-half\"><input type=\"text\" id=\"wpforms-1400-field_2-last\" class=\"wpforms-field-name-last wpforms-field-required\" name=\"wpforms[fields][2][last]\" required><label for=\"wpforms-1400-field_2-last\" class=\"wpforms-field-sublabel after\">Nom<\/label><\/div><\/div><\/div><div id=\"wpforms-1400-field_3-container\" class=\"wpforms-field wpforms-field-email\" data-field-id=\"3\"><label class=\"wpforms-field-label\" for=\"wpforms-1400-field_3\">E-mail <span class=\"wpforms-required-label\">*<\/span><\/label><input type=\"email\" id=\"wpforms-1400-field_3\" class=\"wpforms-field-medium wpforms-field-required\" name=\"wpforms[fields][3]\" spellcheck=\"false\" required><\/div><div id=\"wpforms-1400-field_4-container\" class=\"wpforms-field wpforms-field-text\" data-field-id=\"4\"><label class=\"wpforms-field-label\" for=\"wpforms-1400-field_4\">Adresse <span class=\"wpforms-required-label\">*<\/span><\/label><input type=\"text\" id=\"wpforms-1400-field_4\" class=\"wpforms-field-medium wpforms-field-required\" name=\"wpforms[fields][4]\" required><\/div><div id=\"wpforms-1400-field_5-container\" class=\"wpforms-field wpforms-field-text\" data-field-id=\"5\"><label class=\"wpforms-field-label\" for=\"wpforms-1400-field_5\">Code Postal et Ville <span class=\"wpforms-required-label\">*<\/span><\/label><input type=\"text\" id=\"wpforms-1400-field_5\" class=\"wpforms-field-medium wpforms-field-required\" name=\"wpforms[fields][5]\" required><\/div><div id=\"wpforms-1400-field_6-container\" class=\"wpforms-field wpforms-field-text\" data-field-id=\"6\"><label class=\"wpforms-field-label\" for=\"wpforms-1400-field_6\">Pays <span class=\"wpforms-required-label\">*<\/span><\/label><input type=\"text\" id=\"wpforms-1400-field_6\" class=\"wpforms-field-medium wpforms-field-required\" name=\"wpforms[fields][6]\" required><\/div><div id=\"wpforms-1400-field_7-container\" class=\"wpforms-field wpforms-field-text\" data-field-id=\"7\"><label class=\"wpforms-field-label\" for=\"wpforms-1400-field_7\">T\u00e9l\u00e9phone <span class=\"wpforms-required-label\">*<\/span><\/label><input type=\"text\" id=\"wpforms-1400-field_7\" class=\"wpforms-field-medium wpforms-field-required\" name=\"wpforms[fields][7]\" required><\/div><div id=\"wpforms-1400-field_10-container\" class=\"wpforms-field wpforms-field-select wpforms-field-select-style-classic\" data-field-id=\"10\"><label class=\"wpforms-field-label\" for=\"wpforms-1400-field_10\">Liste d\u00e9roulante <span class=\"wpforms-required-label\">*<\/span><\/label><select id=\"wpforms-1400-field_10\" class=\"wpforms-field-medium wpforms-field-required\" name=\"wpforms[fields][10]\" required=\"required\"><option value=\"Demande de disponibilit\u00e9s\" >Demande de disponibilit\u00e9s<\/option><option value=\"Demande de renseignements\" >Demande de renseignements<\/option><option value=\"Autre\" >Autre<\/option><\/select><\/div><div id=\"wpforms-1400-field_9-container\" class=\"wpforms-field wpforms-field-textarea\" data-field-id=\"9\"><label class=\"wpforms-field-label\" for=\"wpforms-1400-field_9\">Message <span class=\"wpforms-required-label\">*<\/span><\/label><textarea id=\"wpforms-1400-field_9\" class=\"wpforms-field-medium wpforms-field-required\" name=\"wpforms[fields][9]\" required><\/textarea><\/div><\/div><!-- .wpforms-field-container --><div class=\"wpforms-recaptcha-container wpforms-is-hcaptcha\" >\t\t<input\n\t\t\t\ttype=\"hidden\"\n\t\t\t\tclass=\"hcaptcha-widget-id\"\n\t\t\t\tname=\"hcaptcha-widget-id\"\n\t\t\t\tvalue=\"eyJzb3VyY2UiOlsid3Bmb3Jtc1wvd3Bmb3Jtcy5waHAiLCJ3cGZvcm1zLWxpdGVcL3dwZm9ybXMucGhwIl0sImZvcm1faWQiOjE0MDB9-52b60d9ec578209bf7c0c1bc11b16695\">\n\t\t\t\t<h-captcha\n\t\t\t\tclass=\"h-captcha\"\n\t\t\t\tdata-sitekey=\"f5282210-181e-404e-b202-f3ebab8244b8\"\n\t\t\t\tdata-theme=\"light\"\n\t\t\t\tdata-size=\"normal\"\n\t\t\t\tdata-auto=\"false\"\n\t\t\t\tdata-force=\"false\">\n\t\t<\/h-captcha>\n\t\t<input type=\"hidden\" id=\"hcaptcha_wpforms_nonce\" name=\"hcaptcha_wpforms_nonce\" value=\"bdbf1014c1\" \/><input type=\"hidden\" name=\"_wp_http_referer\" value=\"\/index.php\/wp-json\/wp\/v2\/pages\/1004\" \/><\/div><div class=\"wpforms-submit-container\" ><input type=\"hidden\" name=\"wpforms[id]\" value=\"1400\"><input type=\"hidden\" name=\"page_title\" value=\"\"><input type=\"hidden\" name=\"page_url\" value=\"https:\/\/giteathis.com\/index.php\/wp-json\/wp\/v2\/pages\/1004\"><button type=\"submit\" name=\"wpforms[submit]\" id=\"wpforms-submit-1400\" class=\"wpforms-submit\" data-alt-text=\"Envoi...\" data-submit-text=\"Envoyer\" aria-live=\"assertive\" value=\"wpforms-submit\">Envoyer<\/button><img decoding=\"async\" src=\"https:\/\/giteathis.com\/wp-content\/plugins\/wpforms-lite\/assets\/images\/submit-spin.svg\" class=\"wpforms-submit-spinner\" style=\"display: none;\" width=\"26\" height=\"26\" alt=\"Chargement en cours\"><\/div><\/form><\/div>  <!-- .wpforms-container -->            <\/div>\n\t\t\t\t<\/div>\n\t\t\t\t<\/div>\n\t\t\t\t\t<\/div>\n\t\t<\/div>\n\t\t\t\t\t<\/div>\n\t\t<\/section>\n\t\t\t\t<\/div>\n\t\t","protected":false},"excerpt":{"rendered":"<p>Contact &#038; R\u00e9servations Bienvenue au g\u00eete \u00ab\u00a0Au Clos des Colombages\u00a0\u00bb \u00e0 Athis, au coeur de la Champagne ! Vous souhaitez conna\u00eetre nos disponibilit\u00e9s ou avoir davantage d&rsquo;informations, n&rsquo;h\u00e9sitez pas \u00e0 nous envoyer un message : contact@giteathis.com Veuillez activer JavaScript dans votre navigateur pour remplir ce formulaire.Nom *Pr\u00e9nomNomE-mail *Adresse *Code Postal et Ville *Pays *T\u00e9l\u00e9phone *Liste [&hellip;]<\/p>\n","protected":false},"author":2,"featured_media":1251,"parent":0,"menu_order":0,"comment_status":"closed","ping_status":"closed","template":"","meta":{"_seopress_robots_primary_cat":"","_seopress_titles_title":"","_seopress_titles_desc":"Prenez contact avec nous afin de voir nos disponibilit\u00e9s. Nous serons ravis de vous accueillir en Champagne !","_seopress_robots_index":"","_monsterinsights_skip_tracking":false,"_monsterinsights_sitenote_active":false,"_monsterinsights_sitenote_note":"","_monsterinsights_sitenote_category":0,"footnotes":""},"class_list":["post-1004","page","type-page","status-publish","has-post-thumbnail","hentry","entry","has-media"],"yoast_head":"<!-- This site is optimized with the Yoast SEO plugin v24.0 - https:\/\/yoast.com\/wordpress\/plugins\/seo\/ -->\n<title>Contact &amp; R\u00e9servations - Au Clos des Colombages<\/title>\n<meta name=\"description\" content=\"Venez d\u00e9couvrir la Champagne : bonnes tables, vignobles, d\u00e9gustations.... Nous saurons vous donner de bonnes adresses...\" \/>\n<meta name=\"robots\" content=\"index, follow, max-snippet:-1, max-image-preview:large, max-video-preview:-1\" \/>\n<link rel=\"canonical\" href=\"https:\/\/giteathis.com\/index.php\/contact-reservations\/\" \/>\n<meta property=\"og:locale\" content=\"fr_FR\" \/>\n<meta property=\"og:type\" content=\"article\" \/>\n<meta property=\"og:title\" content=\"Contact &amp; R\u00e9servations - Au Clos des Colombages\" \/>\n<meta property=\"og:description\" content=\"Venez d\u00e9couvrir la Champagne : bonnes tables, vignobles, d\u00e9gustations.... Nous saurons vous donner de bonnes adresses...\" \/>\n<meta property=\"og:url\" content=\"https:\/\/giteathis.com\/index.php\/contact-reservations\/\" \/>\n<meta property=\"og:site_name\" content=\"Au Clos des Colombages\" \/>\n<meta property=\"article:modified_time\" content=\"2022-10-01T06:32:28+00:00\" \/>\n<meta property=\"og:image\" content=\"https:\/\/giteathis.com\/wp-content\/uploads\/2022\/08\/Au-clos-des-colombages-vue-drone-2-scaled.jpg\" \/>\n\t<meta property=\"og:image:width\" content=\"2560\" \/>\n\t<meta property=\"og:image:height\" content=\"1802\" \/>\n\t<meta property=\"og:image:type\" content=\"image\/jpeg\" \/>\n<meta name=\"twitter:card\" content=\"summary_large_image\" \/>\n<meta name=\"twitter:label1\" content=\"Dur\u00e9e de lecture estim\u00e9e\" \/>\n\t<meta name=\"twitter:data1\" content=\"1 minute\" \/>\n<script type=\"application\/ld+json\" class=\"yoast-schema-graph\">{\"@context\":\"https:\/\/schema.org\",\"@graph\":[{\"@type\":\"WebPage\",\"@id\":\"https:\/\/giteathis.com\/index.php\/contact-reservations\/\",\"url\":\"https:\/\/giteathis.com\/index.php\/contact-reservations\/\",\"name\":\"Contact & R\u00e9servations - Au Clos des Colombages\",\"isPartOf\":{\"@id\":\"https:\/\/giteathis.com\/#website\"},\"primaryImageOfPage\":{\"@id\":\"https:\/\/giteathis.com\/index.php\/contact-reservations\/#primaryimage\"},\"image\":{\"@id\":\"https:\/\/giteathis.com\/index.php\/contact-reservations\/#primaryimage\"},\"thumbnailUrl\":\"https:\/\/giteathis.com\/wp-content\/uploads\/2022\/08\/Au-clos-des-colombages-vue-drone-2-scaled.jpg\",\"datePublished\":\"2022-08-07T12:20:14+00:00\",\"dateModified\":\"2022-10-01T06:32:28+00:00\",\"description\":\"Venez d\u00e9couvrir la Champagne : bonnes tables, vignobles, d\u00e9gustations.... Nous saurons vous donner de bonnes adresses...\",\"breadcrumb\":{\"@id\":\"https:\/\/giteathis.com\/index.php\/contact-reservations\/#breadcrumb\"},\"inLanguage\":\"fr-FR\",\"potentialAction\":[{\"@type\":\"ReadAction\",\"target\":[\"https:\/\/giteathis.com\/index.php\/contact-reservations\/\"]}]},{\"@type\":\"ImageObject\",\"inLanguage\":\"fr-FR\",\"@id\":\"https:\/\/giteathis.com\/index.php\/contact-reservations\/#primaryimage\",\"url\":\"https:\/\/giteathis.com\/wp-content\/uploads\/2022\/08\/Au-clos-des-colombages-vue-drone-2-scaled.jpg\",\"contentUrl\":\"https:\/\/giteathis.com\/wp-content\/uploads\/2022\/08\/Au-clos-des-colombages-vue-drone-2-scaled.jpg\",\"width\":2560,\"height\":1802,\"caption\":\"Vue de l'ensemble\"},{\"@type\":\"BreadcrumbList\",\"@id\":\"https:\/\/giteathis.com\/index.php\/contact-reservations\/#breadcrumb\",\"itemListElement\":[{\"@type\":\"ListItem\",\"position\":1,\"name\":\"Accueil\",\"item\":\"https:\/\/giteathis.com\/\"},{\"@type\":\"ListItem\",\"position\":2,\"name\":\"Contact &#038; R\u00e9servations\"}]},{\"@type\":\"WebSite\",\"@id\":\"https:\/\/giteathis.com\/#website\",\"url\":\"https:\/\/giteathis.com\/\",\"name\":\"Au Clos des Colombages\",\"description\":\"\",\"potentialAction\":[{\"@type\":\"SearchAction\",\"target\":{\"@type\":\"EntryPoint\",\"urlTemplate\":\"https:\/\/giteathis.com\/?s={search_term_string}\"},\"query-input\":{\"@type\":\"PropertyValueSpecification\",\"valueRequired\":true,\"valueName\":\"search_term_string\"}}],\"inLanguage\":\"fr-FR\"}]}<\/script>\n<!-- \/ Yoast SEO plugin. -->","yoast_head_json":{"title":"Contact & R\u00e9servations - Au Clos des Colombages","description":"Venez d\u00e9couvrir la Champagne : bonnes tables, vignobles, d\u00e9gustations.... Nous saurons vous donner de bonnes adresses...","robots":{"index":"index","follow":"follow","max-snippet":"max-snippet:-1","max-image-preview":"max-image-preview:large","max-video-preview":"max-video-preview:-1"},"canonical":"https:\/\/giteathis.com\/index.php\/contact-reservations\/","og_locale":"fr_FR","og_type":"article","og_title":"Contact & R\u00e9servations - Au Clos des Colombages","og_description":"Venez d\u00e9couvrir la Champagne : bonnes tables, vignobles, d\u00e9gustations.... Nous saurons vous donner de bonnes adresses...","og_url":"https:\/\/giteathis.com\/index.php\/contact-reservations\/","og_site_name":"Au Clos des Colombages","article_modified_time":"2022-10-01T06:32:28+00:00","og_image":[{"width":2560,"height":1802,"url":"https:\/\/giteathis.com\/wp-content\/uploads\/2022\/08\/Au-clos-des-colombages-vue-drone-2-scaled.jpg","type":"image\/jpeg"}],"twitter_card":"summary_large_image","twitter_misc":{"Dur\u00e9e de lecture estim\u00e9e":"1 minute"},"schema":{"@context":"https:\/\/schema.org","@graph":[{"@type":"WebPage","@id":"https:\/\/giteathis.com\/index.php\/contact-reservations\/","url":"https:\/\/giteathis.com\/index.php\/contact-reservations\/","name":"Contact & R\u00e9servations - Au Clos des Colombages","isPartOf":{"@id":"https:\/\/giteathis.com\/#website"},"primaryImageOfPage":{"@id":"https:\/\/giteathis.com\/index.php\/contact-reservations\/#primaryimage"},"image":{"@id":"https:\/\/giteathis.com\/index.php\/contact-reservations\/#primaryimage"},"thumbnailUrl":"https:\/\/giteathis.com\/wp-content\/uploads\/2022\/08\/Au-clos-des-colombages-vue-drone-2-scaled.jpg","datePublished":"2022-08-07T12:20:14+00:00","dateModified":"2022-10-01T06:32:28+00:00","description":"Venez d\u00e9couvrir la Champagne : bonnes tables, vignobles, d\u00e9gustations.... Nous saurons vous donner de bonnes adresses...","breadcrumb":{"@id":"https:\/\/giteathis.com\/index.php\/contact-reservations\/#breadcrumb"},"inLanguage":"fr-FR","potentialAction":[{"@type":"ReadAction","target":["https:\/\/giteathis.com\/index.php\/contact-reservations\/"]}]},{"@type":"ImageObject","inLanguage":"fr-FR","@id":"https:\/\/giteathis.com\/index.php\/contact-reservations\/#primaryimage","url":"https:\/\/giteathis.com\/wp-content\/uploads\/2022\/08\/Au-clos-des-colombages-vue-drone-2-scaled.jpg","contentUrl":"https:\/\/giteathis.com\/wp-content\/uploads\/2022\/08\/Au-clos-des-colombages-vue-drone-2-scaled.jpg","width":2560,"height":1802,"caption":"Vue de l'ensemble"},{"@type":"BreadcrumbList","@id":"https:\/\/giteathis.com\/index.php\/contact-reservations\/#breadcrumb","itemListElement":[{"@type":"ListItem","position":1,"name":"Accueil","item":"https:\/\/giteathis.com\/"},{"@type":"ListItem","position":2,"name":"Contact &#038; R\u00e9servations"}]},{"@type":"WebSite","@id":"https:\/\/giteathis.com\/#website","url":"https:\/\/giteathis.com\/","name":"Au Clos des Colombages","description":"","potentialAction":[{"@type":"SearchAction","target":{"@type":"EntryPoint","urlTemplate":"https:\/\/giteathis.com\/?s={search_term_string}"},"query-input":{"@type":"PropertyValueSpecification","valueRequired":true,"valueName":"search_term_string"}}],"inLanguage":"fr-FR"}]}},"_links":{"self":[{"href":"https:\/\/giteathis.com\/index.php\/wp-json\/wp\/v2\/pages\/1004","targetHints":{"allow":["GET"]}}],"collection":[{"href":"https:\/\/giteathis.com\/index.php\/wp-json\/wp\/v2\/pages"}],"about":[{"href":"https:\/\/giteathis.com\/index.php\/wp-json\/wp\/v2\/types\/page"}],"author":[{"embeddable":true,"href":"https:\/\/giteathis.com\/index.php\/wp-json\/wp\/v2\/users\/2"}],"replies":[{"embeddable":true,"href":"https:\/\/giteathis.com\/index.php\/wp-json\/wp\/v2\/comments?post=1004"}],"version-history":[{"count":89,"href":"https:\/\/giteathis.com\/index.php\/wp-json\/wp\/v2\/pages\/1004\/revisions"}],"predecessor-version":[{"id":1521,"href":"https:\/\/giteathis.com\/index.php\/wp-json\/wp\/v2\/pages\/1004\/revisions\/1521"}],"wp:featuredmedia":[{"embeddable":true,"href":"https:\/\/giteathis.com\/index.php\/wp-json\/wp\/v2\/media\/1251"}],"wp:attachment":[{"href":"https:\/\/giteathis.com\/index.php\/wp-json\/wp\/v2\/media?parent=1004"}],"curies":[{"name":"wp","href":"https:\/\/api.w.org\/{rel}","templated":true}]}}